{"id":2527,"date":"2025-09-25T07:14:09","date_gmt":"2025-09-25T07:14:09","guid":{"rendered":"https:\/\/pfenninger-baumanagement.ch\/?page_id=2527"},"modified":"2025-09-25T08:56:54","modified_gmt":"2025-09-25T08:56:54","slug":"impressum-dse","status":"publish","type":"page","link":"https:\/\/pfenninger-baumanagement.ch\/index.php\/impressum-dse\/","title":{"rendered":"Impressum \/ Datenschutzerkl\u00e4rung"},"content":{"rendered":"\t\t<div data-elementor-type=\"wp-page\" data-elementor-id=\"2527\" class=\"elementor elementor-2527\">\n\t\t\t\t\t\t<section class=\"elementor-section elementor-top-section elementor-element elementor-element-6bd88f6c elementor-section-boxed elementor-section-height-default elementor-section-height-default\" data-id=\"6bd88f6c\" data-element_type=\"section\" data-e-type=\"section\" data-settings=\"{&quot;background_background&quot;:&quot;classic&quot;}\">\n\t\t\t\t\t\t\t<div class=\"elementor-background-overlay\"><\/div>\n\t\t\t\t\t\t\t<div class=\"elementor-container elementor-column-gap-no\">\n\t\t\t\t\t<div class=\"elementor-column elementor-col-100 elementor-top-column elementor-element elementor-element-73640447\" data-id=\"73640447\" data-element_type=\"column\" data-e-type=\"column\" data-settings=\"{&quot;background_background&quot;:&quot;classic&quot;}\">\n\t\t\t<div class=\"elementor-widget-wrap elementor-element-populated\">\n\t\t\t\t\t\t<div class=\"elementor-element elementor-element-ef50ece elementor-widget elementor-widget-heading\" data-id=\"ef50ece\" data-element_type=\"widget\" data-e-type=\"widget\" data-widget_type=\"heading.default\">\n\t\t\t\t<div class=\"elementor-widget-container\">\n\t\t\t\t\t<h1 class=\"elementor-heading-title elementor-size-default\">Impressum \/ Datenschutzerkl\u00e4rung<\/h1>\t\t\t\t<\/div>\n\t\t\t\t<\/div>\n\t\t\t\t\t<\/div>\n\t\t<\/div>\n\t\t\t\t\t<\/div>\n\t\t<\/section>\n\t\t\t\t<section class=\"elementor-section elementor-top-section elementor-element elementor-element-10ed5752 elementor-section-boxed elementor-section-height-default elementor-section-height-default\" data-id=\"10ed5752\" data-element_type=\"section\" data-e-type=\"section\">\n\t\t\t\t\t\t<div class=\"elementor-container elementor-column-gap-no\">\n\t\t\t\t\t<div class=\"elementor-column elementor-col-100 elementor-top-column elementor-element elementor-element-286df9d0\" data-id=\"286df9d0\" data-element_type=\"column\" data-e-type=\"column\">\n\t\t\t<div class=\"elementor-widget-wrap elementor-element-populated\">\n\t\t\t\t\t\t<div class=\"elementor-element elementor-element-7195a56b elementor-widget elementor-widget-heading\" data-id=\"7195a56b\" data-element_type=\"widget\" data-e-type=\"widget\" data-widget_type=\"heading.default\">\n\t\t\t\t<div class=\"elementor-widget-container\">\n\t\t\t\t\t<h3 class=\"elementor-heading-title elementor-size-default\">Impressum<\/h3>\t\t\t\t<\/div>\n\t\t\t\t<\/div>\n\t\t\t\t<div class=\"elementor-element elementor-element-49bb75e2 elementor-widget-divider--view-line elementor-widget elementor-widget-divider\" data-id=\"49bb75e2\" data-element_type=\"widget\" data-e-type=\"widget\" data-widget_type=\"divider.default\">\n\t\t\t\t<div class=\"elementor-widget-container\">\n\t\t\t\t\t\t\t<div class=\"elementor-divider\">\n\t\t\t<span class=\"elementor-divider-separator\">\n\t\t\t\t\t\t<\/span>\n\t\t<\/div>\n\t\t\t\t\t\t<\/div>\n\t\t\t\t<\/div>\n\t\t\t\t<div class=\"elementor-element elementor-element-67e61889 elementor-widget__width-initial elementor-widget elementor-widget-text-editor\" data-id=\"67e61889\" data-element_type=\"widget\" data-e-type=\"widget\" data-widget_type=\"text-editor.default\">\n\t\t\t\t<div class=\"elementor-widget-container\">\n\t\t\t\t\t\t\t\t\t<p>Pfenninger Baumanagement AG<br \/>c\/o Pascal Pfenninger<br \/>Aathalstrasse 12<br \/>8610 Uster<br \/>Schweiz<\/p><p>Pascal Pfenniner<br \/>Telefon: +41 76 417 31 88<br \/>E-Mail: info@pfe-bau.ch<\/p><p>CHE-340.551.408<\/p>\t\t\t\t\t\t\t\t<\/div>\n\t\t\t\t<\/div>\n\t\t\t\t\t<\/div>\n\t\t<\/div>\n\t\t\t\t\t<\/div>\n\t\t<\/section>\n\t\t\t\t<section class=\"elementor-section elementor-top-section elementor-element elementor-element-a9ad1a4 elementor-section-boxed elementor-section-height-default elementor-section-height-default\" data-id=\"a9ad1a4\" data-element_type=\"section\" data-e-type=\"section\">\n\t\t\t\t\t\t<div class=\"elementor-container elementor-column-gap-no\">\n\t\t\t\t\t<div class=\"elementor-column elementor-col-100 elementor-top-column elementor-element elementor-element-ca981d9\" data-id=\"ca981d9\" data-element_type=\"column\" data-e-type=\"column\">\n\t\t\t<div class=\"elementor-widget-wrap elementor-element-populated\">\n\t\t\t\t\t\t<div class=\"elementor-element elementor-element-bcdb91b elementor-widget elementor-widget-heading\" data-id=\"bcdb91b\" data-element_type=\"widget\" data-e-type=\"widget\" data-widget_type=\"heading.default\">\n\t\t\t\t<div class=\"elementor-widget-container\">\n\t\t\t\t\t<h3 class=\"elementor-heading-title elementor-size-default\">Datenschutzerkl\u00e4rung<\/h3>\t\t\t\t<\/div>\n\t\t\t\t<\/div>\n\t\t\t\t<div class=\"elementor-element elementor-element-91804dc elementor-widget-divider--view-line elementor-widget elementor-widget-divider\" data-id=\"91804dc\" data-element_type=\"widget\" data-e-type=\"widget\" data-widget_type=\"divider.default\">\n\t\t\t\t<div class=\"elementor-widget-container\">\n\t\t\t\t\t\t\t<div class=\"elementor-divider\">\n\t\t\t<span class=\"elementor-divider-separator\">\n\t\t\t\t\t\t<\/span>\n\t\t<\/div>\n\t\t\t\t\t\t<\/div>\n\t\t\t\t<\/div>\n\t\t\t\t<div class=\"elementor-element elementor-element-21c7601 elementor-widget__width-initial elementor-widget elementor-widget-text-editor\" data-id=\"21c7601\" data-element_type=\"widget\" data-e-type=\"widget\" data-widget_type=\"text-editor.default\">\n\t\t\t\t<div class=\"elementor-widget-container\">\n\t\t\t\t\t\t\t\t\t<p>Stand: 24.09.25<\/p><h6>1. Verantwortliche Stelle<\/h6><p>Pfenninger Baumanagement AG<br \/>c\/o Pascal Pfenninger<br \/>Aathalstrasse 12<br \/>8610 Uster<br \/>Schweiz<\/p><p>Telefon: +41 76 417 31 88<br \/>E-Mail: info@pfe-bau.ch<\/p><p>Verantwortlich f\u00fcr die Datenbearbeitung ist die Pfenninger Baumanagement AG, vertreten durch die Gesch\u00e4ftsleitung.<\/p><h6>2. Allgemeines zur Datenbearbeitung<\/h6><p>Wir bearbeiten personenbezogene Daten im Einklang mit dem Schweizer Datenschutzgesetz (revDSG) und \u2013 soweit anwendbar \u2013 der Europ\u00e4ischen Datenschutz-Grundverordnung (DSGVO). Es werden nur jene Daten erhoben, die f\u00fcr unsere Dienstleistungen im Bau- und Projektmanagement erforderlich sind.<\/p><h6>3. Erhobene Datenkategorien<\/h6><ul><li>Stammdaten: Name, Adresse, Kontaktdaten<\/li><li>Vertragsdaten: Projektvereinbarungen, Rechnungs- und Zahlungsinformationen<\/li><li>Kommunikationsdaten: Schriftverkehr, E-Mails, Protokolle<\/li><li>Mitarbeiter- und Bewerberdaten: soweit f\u00fcr Personaladministration oder Rekrutierung notwendig<\/li><li>Technische Daten: IP-Adressen, Logfiles, Cookies (bei Website-Nutzung)<\/li><\/ul><h6>4. Zwecke der Datenbearbeitung<\/h6><ul><li>Abwicklung und Verwaltung von Bauprojekten<\/li><li>Angebotserstellung, Vertragsdurchf\u00fchrung und Rechnungswesen<\/li><li>Kommunikation mit Auftraggebern, Subunternehmern, Planern und Beh\u00f6rden<\/li><li>Erf\u00fcllung rechtlicher Verpflichtungen (z. B. OR, SIA)<\/li><li>Betrieb und Optimierung unserer Website<\/li><li>Nutzung digitaler Tools zur Effizienzsteigerung<\/li><li>Bewerbungs- und Anstellungsverfahren<\/li><\/ul><h6>5. Rechtsgrundlagen<\/h6><ul><li>Vertrag: Projektabwicklung, Rechnungsstellung<\/li><li>Gesetzliche Verpflichtungen: z. B. OR, SIA<\/li><li>Berechtigte Interessen: Prozessoptimierung, IT-Sicherheit, Nutzung von ChatGPT<\/li><li>Einwilligung: Newsletter, Cookies, Bewerberdaten bei l\u00e4ngerer Aufbewahrung<\/li><\/ul><h6>6. Weitergabe von Daten<\/h6><p>Eine Weitergabe erfolgt ausschlie\u00dflich, soweit dies f\u00fcr die Vertragsabwicklung erforderlich ist:<\/p><ul><li>an Subunternehmer, Lieferanten und Fachplaner<\/li><li>an Banken, Versicherungen und Beh\u00f6rden<\/li><li>an externe Dienstleister (z. B. IT-Support, Buchhaltung, Cloud-Services)<\/li><\/ul><p>Mit s\u00e4mtlichen Auftragsbearbeitern bestehen datenschutzrechtliche Vereinbarungen.<\/p><h6>7. Daten\u00fcbermittlung ins Ausland<\/h6><p>Sofern Daten in L\u00e4nder au\u00dferhalb der Schweiz oder der EU \u00fcbermittelt werden (z. B. durch Cloud- oder KI-Dienste), erfolgt dies ausschlie\u00dflich unter Anwendung geeigneter Garantien wie Standardvertragsklauseln oder in L\u00e4nder mit anerkannt angemessenem Datenschutzniveau.<\/p><h6>8. Speicherdauer<\/h6><p>Personenbezogene Daten werden nur so lange gespeichert, wie dies f\u00fcr den jeweiligen Zweck notwendig ist oder gesetzliche Aufbewahrungspflichten bestehen (z. B. 10 Jahre f\u00fcr Gesch\u00e4ftsb\u00fccher und Belege).<\/p><h6>9. Rechte der betroffenen Personen<\/h6><p>Sie haben im Rahmen der gesetzlichen Bestimmungen folgende Rechte:<\/p><ul><li>Auskunft \u00fcber gespeicherte Daten<\/li><li>Berichtigung falscher Daten<\/li><li>L\u00f6schung von Daten<\/li><li>Einschr\u00e4nkung der Verarbeitung<\/li><li>Widerspruch gegen die Verarbeitung<\/li><li>Daten\u00fcbertragbarkeit<\/li><li>Widerruf erteilter Einwilligungen<\/li><\/ul><h6>10. Datensicherheit<\/h6><p>Wir setzen technische und organisatorische Ma\u00dfnahmen ein, um Daten vor Verlust, Missbrauch, unbefugtem Zugriff und unrechtm\u00e4\u00dfiger Bearbeitung zu sch\u00fctzen.<\/p><h6>11. Website Hosting<\/h6><p>Unsere Website wird bei Hosttech GmbH, Schweiz gehostet. Beim Zugriff werden automatisch Logfiles (IP-Adresse, Datum\/Uhrzeit, Browsertyp etc.) erfasst, die f\u00fcr Betrieb, Sicherheit und Optimierung erforderlich sind.<br \/>Weitere Informationen: https:\/\/www.hosttech.ch\/datenschutz<\/p><h6>12. Cloud-Dienste (Google \/ Microsoft)<\/h6><p>Wir nutzen Dienste von Microsoft (Microsoft 365, OneDrive, Teams, Outlook, Azure) und Google (Google Workspace, Drive, Gmail, Kalender). Dabei k\u00f6nnen personenbezogene Daten auch in Drittl\u00e4ndern (insbesondere USA) verarbeitet werden. Schutzma\u00dfnahmen wie Standardvertragsklauseln und anerkannte Sicherheitsstandards (z. B. ISO 27001) gew\u00e4hrleisten ein angemessenes Datenschutzniveau.<br \/>Weitere Informationen: https:\/\/policies.google.com\/privacy und https:\/\/privacy.microsoft.com<\/p><h6>13. Nutzung von ChatGPT (OpenAI)<\/h6><p>Wir setzen ChatGPT (OpenAI, USA) unterst\u00fctzend ein, z. B. zur Textbearbeitung und Prozessoptimierung. Dabei k\u00f6nnen im Einzelfall personenbezogene Daten \u00fcbermittelt werden. Wir achten darauf, nur notwendige Informationen zu verwenden.<br \/>Die Verarbeitung erfolgt auf Basis berechtigter Interessen. Daten\u00fcbermittlungen in die USA erfolgen auf Grundlage von Standardvertragsklauseln.<br \/>Weitere Informationen: <a href=\"https:\/\/openai.com\/policies\/privacy-policy\">https:\/\/openai.com\/policies\/privacy-policy<\/a><\/p><h6>14. Nutzung von Smino<\/h6><p>Wir verwenden Smino als digitale Plattform f\u00fcr Bau- und Projektabwicklung. \u00dcber Smino werden personenbezogene Daten von Projektbeteiligten verarbeitet (Kommunikation, Dokumente, Aufgabenverwaltung).<br \/>Weitere Informationen: https:\/\/www.smino.ch\/de\/datenschutz<\/p><h6>15. Nutzung von BauPlus<\/h6><p>Wir nutzen BauPlus f\u00fcr Projektmanagement, Kalkulation und Abrechnung. Dabei werden personenbezogene Daten wie Kunden- und Lieferantendaten, Projektdaten und Vertragsunterlagen verarbeitet.<br \/>Weitere Informationen: https:\/\/bauplus.swiss\/datenschutz<\/p><h6>16. Cookies und Tracking<\/h6><p>Unsere Website verwendet Cookies und Tracking-Technologien:<\/p><ul><li>Google Analytics: zur Analyse der Nutzung unserer Website. Dabei werden Cookies gesetzt und Informationen \u00fcber die Nutzung an Google-Server (u. a. in die USA) \u00fcbertragen. Wir nutzen Google Analytics ausschlie\u00dflich mit IP-Anonymisierung. Weitere Informationen: https:\/\/policies.google.com\/privacy<\/li><li>Google Maps: zur Darstellung interaktiver Karten. Bei der Nutzung werden personenbezogene Daten (z. B. IP-Adresse) an Google \u00fcbertragen. Weitere Informationen: https:\/\/policies.google.com\/privacy<\/li><\/ul><p>Nutzer k\u00f6nnen Cookies in ihren Browsereinstellungen einschr\u00e4nken oder deaktivieren.<\/p><h6>17. Bewerbungen<\/h6><p>Wenn Sie sich bei uns bewerben, verarbeiten wir Ihre Bewerbungsunterlagen (Name, Kontaktdaten, Lebenslauf, Zeugnisse). Die Daten werden nur zum Zweck der Bewerbungsbearbeitung genutzt.<\/p><ul><li>Bei Absage werden die Daten sp\u00e4testens 6 Monate nach Abschluss des Verfahrens gel\u00f6scht, sofern keine Einwilligung f\u00fcr eine l\u00e4ngere Aufbewahrung vorliegt.<\/li><li>Bei Einstellung werden die Daten in die Personaladministration \u00fcbernommen.<\/li><\/ul><h6>18. Kontakt f\u00fcr Datenschutzanfragen<\/h6><p>Pfenninger Baumanagement AG<br \/>Schickmattweg 8<br \/>8332 Russikon<br \/>Schweiz<br \/>E-Mail: info@pfe-bau.ch<br \/>Telefon: +41 76 417 31 88<\/p><h6>19. Rechtsmittel \/ Aufsichtsbeh\u00f6rde<\/h6><p>Betroffene Personen haben das Recht, sich beim Eidgen\u00f6ssischen Datenschutz- und \u00d6ffentlichkeitsbeauftragten (ED\u00d6B) zu beschweren, wenn sie der Ansicht sind, dass ihre Daten unrechtm\u00e4\u00dfig verarbeitet werden.<br \/>Weitere Informationen: https:\/\/www.edoeb.admin.ch<\/p><h6>20. \u00c4nderungen<\/h6><p>Wir behalten uns vor, diese Datenschutzerkl\u00e4rung jederzeit anzupassen. Es gilt die jeweils aktuelle Version, ver\u00f6ffentlicht auf unserer Website.<\/p>\t\t\t\t\t\t\t\t<\/div>\n\t\t\t\t<\/div>\n\t\t\t\t<div class=\"elementor-element elementor-element-e61b76a elementor-widget elementor-widget-spacer\" data-id=\"e61b76a\" data-element_type=\"widget\" data-e-type=\"widget\" data-widget_type=\"spacer.default\">\n\t\t\t\t<div class=\"elementor-widget-container\">\n\t\t\t\t\t\t\t<div class=\"elementor-spacer\">\n\t\t\t<div class=\"elementor-spacer-inner\"><\/div>\n\t\t<\/div>\n\t\t\t\t\t\t<\/div>\n\t\t\t\t<\/div>\n\t\t\t\t\t<\/div>\n\t\t<\/div>\n\t\t\t\t\t<\/div>\n\t\t<\/section>\n\t\t\t\t<\/div>\n\t\t","protected":false},"excerpt":{"rendered":"<p>Impressum \/ Datenschutzerkl\u00e4rung Impressum Pfenninger Baumanagement AGc\/o Pascal PfenningerAathalstrasse 128610 UsterSchweiz Pascal PfenninerTelefon: +41 76 417 31 88E-Mail: info@pfe-bau.ch CHE-340.551.408 Datenschutzerkl\u00e4rung Stand: 24.09.25 1. Verantwortliche Stelle Pfenninger Baumanagement AGc\/o Pascal PfenningerAathalstrasse 128610 UsterSchweiz Telefon: +41 76 417 31 88E-Mail: info@pfe-bau.ch Verantwortlich f\u00fcr die Datenbearbeitung ist die Pfenninger Baumanagement AG, vertreten durch die Gesch\u00e4ftsleitung. 2. Allgemeines [&hellip;]<\/p>\n","protected":false},"author":1,"featured_media":0,"parent":0,"menu_order":0,"comment_status":"closed","ping_status":"closed","template":"elementor_theme","meta":{"site-sidebar-layout":"no-sidebar","site-content-layout":"page-builder","ast-site-content-layout":"full-width-container","site-content-style":"unboxed","site-sidebar-style":"unboxed","ast-global-header-display":"","ast-banner-title-visibility":"","ast-main-header-display":"","ast-hfb-above-header-display":"","ast-hfb-below-header-display":"","ast-hfb-mobile-header-display":"","site-post-title":"disabled","ast-breadcrumbs-content":"","ast-featured-img":"disabled","footer-sml-layout":"","theme-transparent-header-meta":"","adv-header-id-meta":"","stick-header-meta":"","header-above-stick-meta":"","header-main-stick-meta":"","header-below-stick-meta":"","astra-migrate-meta-layouts":"set","ast-page-background-enabled":"default","ast-page-background-meta":{"desktop":{"background-color":"","background-image":"","background-repeat":"repeat","background-position":"center center","background-size":"auto","background-attachment":"scroll","background-type":"","background-media":"","overlay-type":"","overlay-color":"","overlay-opacity":"","overlay-gradient":""},"tablet":{"background-color":"","background-image":"","background-repeat":"repeat","background-position":"center center","background-size":"auto","background-attachment":"scroll","background-type":"","background-media":"","overlay-type":"","overlay-color":"","overlay-opacity":"","overlay-gradient":""},"mobile":{"background-color":"","background-image":"","background-repeat":"repeat","background-position":"center center","background-size":"auto","background-attachment":"scroll","background-type":"","background-media":"","overlay-type":"","overlay-color":"","overlay-opacity":"","overlay-gradient":""}},"ast-content-background-meta":{"desktop":{"background-color":"var(--ast-global-color-5)","background-image":"","background-repeat":"repeat","background-position":"center center","background-size":"auto","background-attachment":"scroll","background-type":"","background-media":"","overlay-type":"","overlay-color":"","overlay-opacity":"","overlay-gradient":""},"tablet":{"background-color":"var(--ast-global-color-5)","background-image":"","background-repeat":"repeat","background-position":"center center","background-size":"auto","background-attachment":"scroll","background-type":"","background-media":"","overlay-type":"","overlay-color":"","overlay-opacity":"","overlay-gradient":""},"mobile":{"background-color":"var(--ast-global-color-5)","background-image":"","background-repeat":"repeat","background-position":"center center","background-size":"auto","background-attachment":"scroll","background-type":"","background-media":"","overlay-type":"","overlay-color":"","overlay-opacity":"","overlay-gradient":""}},"footnotes":""},"class_list":["post-2527","page","type-page","status-publish","hentry"],"yoast_head":"<!-- This site is optimized with the Yoast SEO plugin v27.4 - https:\/\/yoast.com\/product\/yoast-seo-wordpress\/ -->\n<title>Impressum \/ Datenschutzerkl\u00e4rung - Pfenninger Baumanagement AG<\/title>\n<meta name=\"robots\" content=\"index, follow, max-snippet:-1, max-image-preview:large, max-video-preview:-1\" \/>\n<link rel=\"canonical\" href=\"https:\/\/pfenninger-baumanagement.ch\/index.php\/impressum-dse\/\" \/>\n<meta property=\"og:locale\" content=\"de_DE\" \/>\n<meta property=\"og:type\" content=\"article\" \/>\n<meta property=\"og:title\" content=\"Impressum \/ Datenschutzerkl\u00e4rung - Pfenninger Baumanagement AG\" \/>\n<meta property=\"og:description\" content=\"Impressum \/ Datenschutzerkl\u00e4rung Impressum Pfenninger Baumanagement AGc\/o Pascal PfenningerAathalstrasse 128610 UsterSchweiz Pascal PfenninerTelefon: +41 76 417 31 88E-Mail: info@pfe-bau.ch CHE-340.551.408 Datenschutzerkl\u00e4rung Stand: 24.09.25 1. Verantwortliche Stelle Pfenninger Baumanagement AGc\/o Pascal PfenningerAathalstrasse 128610 UsterSchweiz Telefon: +41 76 417 31 88E-Mail: info@pfe-bau.ch Verantwortlich f\u00fcr die Datenbearbeitung ist die Pfenninger Baumanagement AG, vertreten durch die Gesch\u00e4ftsleitung. 2. Allgemeines [&hellip;]\" \/>\n<meta property=\"og:url\" content=\"https:\/\/pfenninger-baumanagement.ch\/index.php\/impressum-dse\/\" \/>\n<meta property=\"og:site_name\" content=\"Pfenninger Baumanagement AG\" \/>\n<meta property=\"article:modified_time\" content=\"2025-09-25T08:56:54+00:00\" \/>\n<meta property=\"og:image\" content=\"https:\/\/pfenninger-baumanagement.ch\/wp-content\/uploads\/2024\/01\/Logo_PBM_white.png\" \/>\n\t<meta property=\"og:image:width\" content=\"8334\" \/>\n\t<meta property=\"og:image:height\" content=\"3269\" \/>\n\t<meta property=\"og:image:type\" content=\"image\/png\" \/>\n<meta name=\"twitter:card\" content=\"summary_large_image\" \/>\n<meta name=\"twitter:label1\" content=\"Gesch\u00e4tzte Lesezeit\" \/>\n\t<meta name=\"twitter:data1\" content=\"5\u00a0Minuten\" \/>\n<script type=\"application\/ld+json\" class=\"yoast-schema-graph\">{\"@context\":\"https:\\\/\\\/schema.org\",\"@graph\":[{\"@type\":\"WebPage\",\"@id\":\"https:\\\/\\\/pfenninger-baumanagement.ch\\\/index.php\\\/impressum-dse\\\/\",\"url\":\"https:\\\/\\\/pfenninger-baumanagement.ch\\\/index.php\\\/impressum-dse\\\/\",\"name\":\"Impressum \\\/ Datenschutzerkl\u00e4rung - Pfenninger Baumanagement AG\",\"isPartOf\":{\"@id\":\"https:\\\/\\\/pfenninger-baumanagement.ch\\\/#website\"},\"datePublished\":\"2025-09-25T07:14:09+00:00\",\"dateModified\":\"2025-09-25T08:56:54+00:00\",\"breadcrumb\":{\"@id\":\"https:\\\/\\\/pfenninger-baumanagement.ch\\\/index.php\\\/impressum-dse\\\/#breadcrumb\"},\"inLanguage\":\"de\",\"potentialAction\":[{\"@type\":\"ReadAction\",\"target\":[\"https:\\\/\\\/pfenninger-baumanagement.ch\\\/index.php\\\/impressum-dse\\\/\"]}]},{\"@type\":\"BreadcrumbList\",\"@id\":\"https:\\\/\\\/pfenninger-baumanagement.ch\\\/index.php\\\/impressum-dse\\\/#breadcrumb\",\"itemListElement\":[{\"@type\":\"ListItem\",\"position\":1,\"name\":\"Startseite\",\"item\":\"https:\\\/\\\/pfenninger-baumanagement.ch\\\/\"},{\"@type\":\"ListItem\",\"position\":2,\"name\":\"Impressum \\\/ Datenschutzerkl\u00e4rung\"}]},{\"@type\":\"WebSite\",\"@id\":\"https:\\\/\\\/pfenninger-baumanagement.ch\\\/#website\",\"url\":\"https:\\\/\\\/pfenninger-baumanagement.ch\\\/\",\"name\":\"Pfenninger Baumanagement AG\",\"description\":\"Zuverl\u00e4ssig und p\u00fcnktlich!\",\"potentialAction\":[{\"@type\":\"SearchAction\",\"target\":{\"@type\":\"EntryPoint\",\"urlTemplate\":\"https:\\\/\\\/pfenninger-baumanagement.ch\\\/?s={search_term_string}\"},\"query-input\":{\"@type\":\"PropertyValueSpecification\",\"valueRequired\":true,\"valueName\":\"search_term_string\"}}],\"inLanguage\":\"de\"}]}<\/script>\n<!-- \/ Yoast SEO plugin. -->","yoast_head_json":{"title":"Impressum \/ Datenschutzerkl\u00e4rung - Pfenninger Baumanagement AG","robots":{"index":"index","follow":"follow","max-snippet":"max-snippet:-1","max-image-preview":"max-image-preview:large","max-video-preview":"max-video-preview:-1"},"canonical":"https:\/\/pfenninger-baumanagement.ch\/index.php\/impressum-dse\/","og_locale":"de_DE","og_type":"article","og_title":"Impressum \/ Datenschutzerkl\u00e4rung - Pfenninger Baumanagement AG","og_description":"Impressum \/ Datenschutzerkl\u00e4rung Impressum Pfenninger Baumanagement AGc\/o Pascal PfenningerAathalstrasse 128610 UsterSchweiz Pascal PfenninerTelefon: +41 76 417 31 88E-Mail: info@pfe-bau.ch CHE-340.551.408 Datenschutzerkl\u00e4rung Stand: 24.09.25 1. Verantwortliche Stelle Pfenninger Baumanagement AGc\/o Pascal PfenningerAathalstrasse 128610 UsterSchweiz Telefon: +41 76 417 31 88E-Mail: info@pfe-bau.ch Verantwortlich f\u00fcr die Datenbearbeitung ist die Pfenninger Baumanagement AG, vertreten durch die Gesch\u00e4ftsleitung. 2. Allgemeines [&hellip;]","og_url":"https:\/\/pfenninger-baumanagement.ch\/index.php\/impressum-dse\/","og_site_name":"Pfenninger Baumanagement AG","article_modified_time":"2025-09-25T08:56:54+00:00","og_image":[{"width":8334,"height":3269,"url":"https:\/\/pfenninger-baumanagement.ch\/wp-content\/uploads\/2024\/01\/Logo_PBM_white.png","type":"image\/png"}],"twitter_card":"summary_large_image","twitter_misc":{"Gesch\u00e4tzte Lesezeit":"5\u00a0Minuten"},"schema":{"@context":"https:\/\/schema.org","@graph":[{"@type":"WebPage","@id":"https:\/\/pfenninger-baumanagement.ch\/index.php\/impressum-dse\/","url":"https:\/\/pfenninger-baumanagement.ch\/index.php\/impressum-dse\/","name":"Impressum \/ Datenschutzerkl\u00e4rung - Pfenninger Baumanagement AG","isPartOf":{"@id":"https:\/\/pfenninger-baumanagement.ch\/#website"},"datePublished":"2025-09-25T07:14:09+00:00","dateModified":"2025-09-25T08:56:54+00:00","breadcrumb":{"@id":"https:\/\/pfenninger-baumanagement.ch\/index.php\/impressum-dse\/#breadcrumb"},"inLanguage":"de","potentialAction":[{"@type":"ReadAction","target":["https:\/\/pfenninger-baumanagement.ch\/index.php\/impressum-dse\/"]}]},{"@type":"BreadcrumbList","@id":"https:\/\/pfenninger-baumanagement.ch\/index.php\/impressum-dse\/#breadcrumb","itemListElement":[{"@type":"ListItem","position":1,"name":"Startseite","item":"https:\/\/pfenninger-baumanagement.ch\/"},{"@type":"ListItem","position":2,"name":"Impressum \/ Datenschutzerkl\u00e4rung"}]},{"@type":"WebSite","@id":"https:\/\/pfenninger-baumanagement.ch\/#website","url":"https:\/\/pfenninger-baumanagement.ch\/","name":"Pfenninger Baumanagement AG","description":"Zuverl\u00e4ssig und p\u00fcnktlich!","potentialAction":[{"@type":"SearchAction","target":{"@type":"EntryPoint","urlTemplate":"https:\/\/pfenninger-baumanagement.ch\/?s={search_term_string}"},"query-input":{"@type":"PropertyValueSpecification","valueRequired":true,"valueName":"search_term_string"}}],"inLanguage":"de"}]}},"_links":{"self":[{"href":"https:\/\/pfenninger-baumanagement.ch\/index.php\/wp-json\/wp\/v2\/pages\/2527","targetHints":{"allow":["GET"]}}],"collection":[{"href":"https:\/\/pfenninger-baumanagement.ch\/index.php\/wp-json\/wp\/v2\/pages"}],"about":[{"href":"https:\/\/pfenninger-baumanagement.ch\/index.php\/wp-json\/wp\/v2\/types\/page"}],"author":[{"embeddable":true,"href":"https:\/\/pfenninger-baumanagement.ch\/index.php\/wp-json\/wp\/v2\/users\/1"}],"replies":[{"embeddable":true,"href":"https:\/\/pfenninger-baumanagement.ch\/index.php\/wp-json\/wp\/v2\/comments?post=2527"}],"version-history":[{"count":11,"href":"https:\/\/pfenninger-baumanagement.ch\/index.php\/wp-json\/wp\/v2\/pages\/2527\/revisions"}],"predecessor-version":[{"id":2570,"href":"https:\/\/pfenninger-baumanagement.ch\/index.php\/wp-json\/wp\/v2\/pages\/2527\/revisions\/2570"}],"wp:attachment":[{"href":"https:\/\/pfenninger-baumanagement.ch\/index.php\/wp-json\/wp\/v2\/media?parent=2527"}],"curies":[{"name":"wp","href":"https:\/\/api.w.org\/{rel}","templated":true}]}}